{"id":12,"date":"2023-03-18T16:16:32","date_gmt":"2023-03-18T15:16:32","guid":{"rendered":"https:\/\/erniefreundlinger.de\/?page_id=12"},"modified":"2023-10-30T19:49:41","modified_gmt":"2023-10-30T18:49:41","slug":"booking","status":"publish","type":"page","link":"https:\/\/erniefreundlinger.de\/?page_id=12","title":{"rendered":"Booking"},"content":{"rendered":"\n<p>Ich trete \u00f6fter z.B. in Musikkneipen auf, prinzipiell aber \u00fcberall wo es gew\u00fcnscht ist.&nbsp;<\/p>\n\n\n\n<p>Gerne komme ich auch bei euch vorbei, um z.B. eine Trauungszeremonie oder andere Feierlichkeiten musikalisch angemessen zu umrahmen. Hier habe ich ein spezielles Repertoire an passenden Songs. Was die Auswahl der Songs z.B. f\u00fcr eine Trauung angeht, bin ich gerne behilflich und versuche im Rahmen meiner M\u00f6glichkeiten auch stets auf eventuelle Sonderw\u00fcnsche einzugehen.<\/p>\n\n\n\n<p>Egal ob gr\u00f6\u00dferer Saal oder ganz privates Wohnzimmerkonzert, fast alles ist m\u00f6glich.<\/p>\n\n\n\n<p>Ihr wollt mich ?? &#8211; Dann einfach <a href=\"https:\/\/erniefreundlinger.de\/?page_id=10\" title=\"Kontakt\">Kontakt mit mir aufnehmen !!<\/a><\/p>\n","protected":false},"excerpt":{"rendered":"<p>Ich trete \u00f6fter z.B. in Musikkneipen auf, prinzipiell aber \u00fcberall wo es gew\u00fcnscht ist.&nbsp; Gerne komme ich auch bei euch vorbei, um z.B. eine Trauungszeremonie oder andere Feierlichkeiten musikalisch angemessen zu umrahmen. Hier habe ich ein spezielles Repertoire an passenden Songs. Was die Auswahl der Songs z.B. f\u00fcr eine Trauung angeht, bin ich gerne behilflich &hellip; <\/p>\n<p class=\"link-more\"><a href=\"https:\/\/erniefreundlinger.de\/?page_id=12\" class=\"more-link\"><span class=\"screen-reader-text\">\u201eBooking\u201c <\/span>weiterlesen<\/a><\/p>\n","protected":false},"author":1,"featured_media":0,"parent":0,"menu_order":5,"comment_status":"closed","ping_status":"closed","template":"","meta":{"footnotes":""},"class_list":["post-12","page","type-page","status-publish","hentry"],"aioseo_notices":[],"_links":{"self":[{"href":"https:\/\/erniefreundlinger.de\/index.php?rest_route=\/wp\/v2\/pages\/12","targetHints":{"allow":["GET"]}}],"collection":[{"href":"https:\/\/erniefreundlinger.de\/index.php?rest_route=\/wp\/v2\/pages"}],"about":[{"href":"https:\/\/erniefreundlinger.de\/index.php?rest_route=\/wp\/v2\/types\/page"}],"author":[{"embeddable":true,"href":"https:\/\/erniefreundlinger.de\/index.php?rest_route=\/wp\/v2\/users\/1"}],"replies":[{"embeddable":true,"href":"https:\/\/erniefreundlinger.de\/index.php?rest_route=%2Fwp%2Fv2%2Fcomments&post=12"}],"version-history":[{"count":5,"href":"https:\/\/erniefreundlinger.de\/index.php?rest_route=\/wp\/v2\/pages\/12\/revisions"}],"predecessor-version":[{"id":135,"href":"https:\/\/erniefreundlinger.de\/index.php?rest_route=\/wp\/v2\/pages\/12\/revisions\/135"}],"wp:attachment":[{"href":"https:\/\/erniefreundlinger.de\/index.php?rest_route=%2Fwp%2Fv2%2Fmedia&parent=12"}],"curies":[{"name":"wp","href":"https:\/\/api.w.org\/{rel}","templated":true}]}}